{"id":19,"date":"2014-03-04T13:14:55","date_gmt":"2014-03-04T13:14:55","guid":{"rendered":"http:\/\/sophocles.on.hex.kutu.nl\/?page_id=19"},"modified":"2015-05-19T16:12:12","modified_gmt":"2015-05-19T16:12:12","slug":"partners","status":"publish","type":"page","link":"https:\/\/sophocles.eu\/?page_id=19","title":{"rendered":"Consortium"},"content":{"rendered":"<div>\n<h3><a href=\"http:\/\/sophocles.eu\/wp-content\/uploads\/2014\/03\/Consortium2013.jpg\"><img loading=\"lazy\" decoding=\"async\" class=\"alignleft wp-image-127 size-full\" src=\"http:\/\/sophocles.eu\/wp-content\/uploads\/2014\/03\/Consortium2013.jpg\" alt=\"Consortium2013\" width=\"1719\" height=\"849\" srcset=\"https:\/\/sophocles.eu\/wp-content\/uploads\/2014\/03\/Consortium2013.jpg 1719w, https:\/\/sophocles.eu\/wp-content\/uploads\/2014\/03\/Consortium2013-300x148.jpg 300w, https:\/\/sophocles.eu\/wp-content\/uploads\/2014\/03\/Consortium2013-1024x505.jpg 1024w\" sizes=\"(max-width: 1719px) 100vw, 1719px\" \/><\/a><\/h3>\n<h3><\/h3>\n<h3><a href=\"http:\/\/www.uva.nl\/\">University of Amsterdam<\/a> \u00a0\u00a0<a href=\"http:\/\/www.uva.nl\/\"><img decoding=\"async\" src=\"wp-content\/uploads\/2014\/03\/uva-logo.png\" alt=\"University of Amsterdam\" \/><\/a><\/h3>\n<p>Alfons Hoekstra, Rick Quax, Omri Har Shemesh, Joris Borgdorff, Drona Kandhai, Silvia Wissel<\/p>\n<h3><a href=\"http:\/\/www.unige.ch\/\">Universit\u00e9 de Gen\u00e8ve<\/a><a href=\"http:\/\/www.unige.ch\/\">\u00a0 <img decoding=\"async\" src=\"wp-content\/uploads\/2014\/03\/univ-geneve-logo.jpg\" alt=\"Universit\u00e9 de Gen\u00e8ve\" \/><\/a><\/h3>\n<p>Scientific and Parallel Computing Group<\/p>\n<p>People: Bastien Chopard, Gregor Chliamovitch<\/p>\n<h3><a href=\"http:\/\/www.pw.edu.pl\/\">Politechnika Warszawska<\/a> <a href=\"http:\/\/www.pw.edu.pl\/\"><img decoding=\"async\" src=\"wp-content\/uploads\/2014\/03\/wut-logo.gif\" alt=\"Politechnika Warszawska\" \/><\/a><\/h3>\n<p>Janusz Holyst, Krzysztof Suchecki, Agnieszka Czaplicka, Jan Choloniewski<\/p>\n<h3><a href=\"http:\/\/www.uib.es\/\">Universitat de les Illes Balears<\/a> <a href=\"http:\/\/www.uib.es\/\"><img decoding=\"async\" src=\"wp-content\/uploads\/2014\/03\/univ-illes-balears-logo.gif\" alt=\"Universitat de les Illes Balears\" \/><\/a><\/h3>\n<p>Institute of Applied Computing &amp; Community Code, <a href=\"http:\/\/www.iac3.eu\/\">IAC3<\/a><\/p>\n<p>People: Carles Bona, Joan Mass\u00f3, Antoni Arbona, Borja Mi\u00f1ano<\/p>\n<h3><a href=\"http:\/\/www.olsen.ch\/\">Olsen Ltd AG\u00a0 <\/a><a href=\"http:\/\/www.olsen.ch\/\"><img decoding=\"async\" src=\"wp-content\/uploads\/2014\/03\/olsen-logo.png\" alt=\"Olsen Ltd AG\" \/><\/a><\/h3>\n<p>Alexandre Dupuis, Anton Golup<\/p>\n<h3><a href=\"http:\/\/www.ijs.si\/\">In\u0161titut Jo\u017eef \u0160tefan<\/a> <a href=\"http:\/\/www.ijs.si\/\"><img decoding=\"async\" src=\"wp-content\/uploads\/2014\/03\/inst-stefan-logo.png\" alt=\"In\u0161titut Jo\u017eef \u0160tefan\" \/><\/a><\/h3>\n<p>Artificial Intelligence Laboratory<\/p>\n<p>People: Marko Grobelnik, Jan Rupnik, Miha Papler<\/p>\n<\/div>\n<p><img loading=\"lazy\" decoding=\"async\" class=\"mce-clonedresizable alignright\" style=\"left: 211.533px; top: 839px; margin: 0px; width: 15px; height: 15px;\" contenteditable=\"false\" src=\"wp-content\/uploads\/2014\/03\/inst-stefan-logo.png\" alt=\"In\u0161titut Jo\u017eef \u0160tefan\" width=\"24\" height=\"24\" \/><\/p>\n","protected":false},"excerpt":{"rendered":"<p>University of Amsterdam \u00a0\u00a0 Alfons Hoekstra, Rick Quax, Omri Har Shemesh, Joris Borgdorff, Drona Kandhai, Silvia Wissel Universit\u00e9 de Gen\u00e8ve\u00a0 Scientific and Parallel Computing Group People: Bastien Chopard, Gregor Chliamovitch Politechnika Warszawska Janusz Holyst, Krzysztof Suchecki, Agnieszka Czaplicka, Jan Choloniewski Universitat de les Illes Balears Institute of Applied Computing &amp; Community Code, IAC3 People: Carles &hellip; <a href=\"https:\/\/sophocles.eu\/?page_id=19\" class=\"more-link\">Continue reading <span class=\"screen-reader-text\">Consortium<\/span> <span class=\"meta-nav\">&rarr;<\/span><\/a><\/p>\n","protected":false},"author":1,"featured_media":0,"parent":0,"menu_order":2,"comment_status":"closed","ping_status":"open","template":"","meta":{"footnotes":""},"_links":{"self":[{"href":"https:\/\/sophocles.eu\/index.php?rest_route=\/wp\/v2\/pages\/19"}],"collection":[{"href":"https:\/\/sophocles.eu\/index.php?rest_route=\/wp\/v2\/pages"}],"about":[{"href":"https:\/\/sophocles.eu\/index.php?rest_route=\/wp\/v2\/types\/page"}],"author":[{"embeddable":true,"href":"https:\/\/sophocles.eu\/index.php?rest_route=\/wp\/v2\/users\/1"}],"replies":[{"embeddable":true,"href":"https:\/\/sophocles.eu\/index.php?rest_route=%2Fwp%2Fv2%2Fcomments&post=19"}],"version-history":[{"count":27,"href":"https:\/\/sophocles.eu\/index.php?rest_route=\/wp\/v2\/pages\/19\/revisions"}],"predecessor-version":[{"id":126,"href":"https:\/\/sophocles.eu\/index.php?rest_route=\/wp\/v2\/pages\/19\/revisions\/126"}],"wp:attachment":[{"href":"https:\/\/sophocles.eu\/index.php?rest_route=%2Fwp%2Fv2%2Fmedia&parent=19"}],"curies":[{"name":"wp","href":"https:\/\/api.w.org\/{rel}","templated":true}]}}